{"id":197,"date":"2024-04-29T16:07:07","date_gmt":"2024-04-29T14:07:07","guid":{"rendered":"https:\/\/aikido-aisne.com\/?page_id=197"},"modified":"2025-04-14T15:16:10","modified_gmt":"2025-04-14T13:16:10","slug":"mentions-legales","status":"publish","type":"page","link":"https:\/\/aikido-aisne.com\/index.php\/mentions-legales\/","title":{"rendered":"MENTIONS LEGALES"},"content":{"rendered":"\n<p class=\"has-text-align-center\"><strong>Editeur :<\/strong><\/p>\n\n\n\n<p class=\"has-text-align-center has-medium-font-size\"><em>Ecole d&rsquo;A\u00efkido Traditionnel \u2013 Dojo de l&rsquo;Aisne<\/em><\/p>\n\n\n\n<p class=\"has-text-align-center\">Association d\u00e9clar\u00e9e loi 1901<\/p>\n\n\n\n<p class=\"has-text-align-center\">Publication au Journal officiel : 07 Mai 2024<\/p>\n\n\n\n<p class=\"has-text-align-center\">Si\u00e8ge&nbsp;: 12 Bis, rue Georges Lef\u00e8vre \u2013 02000 MONS EN LAONNOIS<\/p>\n\n\n\n<p class=\"has-text-align-center\">NUM\u00c9RO RNA :&nbsp;W022006888 \/ SIREN&nbsp;: 928&nbsp;590&nbsp;678<\/p>\n\n\n\n<p class=\"has-text-align-center has-x-large-font-size\"><strong>*<\/strong><\/p>\n\n\n\n<p class=\"has-text-align-center has-medium-font-size\"><strong>H\u00e9bergement :<\/strong><\/p>\n\n\n\n<div class=\"wp-block-group is-layout-constrained wp-block-group-is-layout-constrained\">\n<p class=\"has-text-align-center\">OVH <\/p>\n\n\n\n<p class=\"has-text-align-center\">SAS au capital de 10 174 560 \u20ac<\/p>\n\n\n\n<p class=\"has-text-align-center\">RCS Lille M\u00e9tropole 424 761 419 00045<\/p>\n\n\n\n<p class=\"has-text-align-center\">Code APE 2620Z  \/  N\u00b0 TVA : FR 22 424 761 419<\/p>\n\n\n\n<p class=\"has-text-align-center\">Si\u00e8ge social : 2 rue Kellermann &#8211; 59100 Roubaix &#8211; France<\/p>\n\n\n\n<p class=\"has-text-align-center\">OVH SAS est une filiale de la soci\u00e9t\u00e9 OVH Groupe SA, soci\u00e9t\u00e9 immatricul\u00e9e au RCS de Lille sous le num\u00e9ro 537 407 926 sise 2, rue Kellermann 59100 Roubaix<\/p>\n\n\n\n<p class=\"has-text-align-center has-x-large-font-size\"><strong>*<\/strong><\/p>\n\n\n\n<p class=\"has-text-align-center has-medium-font-size\"><strong>Directeur de publication : Damien KUNEGEL<\/strong><\/p>\n<\/div>\n\n\n\n<p class=\"has-text-align-center\">Tel : 07 71 69 09 89<\/p>\n\n\n\n<p class=\"has-text-align-center\">contact@aikido-aisne.com<\/p>\n\n\n\n<p class=\"has-text-align-center\"><a href=\"http:\/\/aikido-aisne.com\" target=\"_blank\" rel=\"noreferrer noopener\">http:\/\/aikido-aisne.com<\/a><\/p>\n\n\n\n<p class=\"has-text-align-center\"><a href=\"http:\/\/www.esprit-aikido.com\" target=\"_blank\" rel=\"noreferrer noopener\">http:\/\/esprit-aikido.com<\/a><\/p>\n\n\n\n<p class=\"has-text-align-center\"><a href=\"http:\/\/www.aikido-laon.com\" target=\"_blank\" rel=\"noreferrer noopener\">http:\/\/aikido-laon.com<\/a><\/p>\n\n\n\n<p class=\"has-text-align-center has-x-large-font-size\"><strong>*<\/strong><\/p>\n\n\n\n<p class=\"has-text-align-center\"><strong>ASSOCIATION LABELLISEE &#8211; DRAJES&nbsp;Hauts-de-France<\/strong><\/p>\n\n\n\n<p class=\"has-text-align-center\"><a href=\"https:\/\/www.grandecause-sport.fr\/30-minutes-bouge\" target=\"_blank\" rel=\"noreferrer noopener\"><img decoding=\"async\" style=\"width: 200px;\" src=\"https:\/\/www.jotform.com\/uploads\/WEMAP\/form_files\/BOUGE!.65940c9bb9f9e1.29055714.jpg\"><\/a><\/p>\n\n\n\n<p class=\"has-text-align-center has-x-large-font-size\"><strong><strong>*<\/strong><\/strong><\/p>\n\n\n\n<p class=\"has-text-align-center\"><strong>Donn\u00e9es personnelles<\/strong><br>Conform\u00e9ment \u00e0 la l\u00e9gislation en vigueur, vous disposez d\u2019un droit d\u2019acc\u00e8s, de modification, de rectification et de suppression des donn\u00e9es nominatives qui vous concernent, en adressant votre demande par courrier \u00e0 <em>Ecole d&rsquo;A\u00efkido Traditionnel \u2013 Dojo de l&rsquo;Aisne<\/em>, 12 Bis rue Georges Lef\u00e8vre \u2013 02000 MONS EN LAONNOIS. L&rsquo;<em>Ecole d&rsquo;A\u00efkido Traditionnel \u2013 Dojo de l&rsquo;Aisne<\/em> s\u2019engage en outre \u00e0 prendre toutes pr\u00e9cautions utiles afin de prot\u00e9ger les donn\u00e9es \u00e0 caract\u00e8re personnel trait\u00e9es par ses \u00e9quipes, et notamment d\u2019emp\u00eacher qu\u2019elles ne soient d\u00e9form\u00e9es, endommag\u00e9es ou communiqu\u00e9es \u00e0 des tiers non autoris\u00e9s.<\/p>\n\n\n\n<p class=\"has-text-align-center has-x-large-font-size\"><strong>*<\/strong><\/p>\n\n\n\n<p class=\"has-text-align-center\"><strong>Exon\u00e9ration de la responsabilit\u00e9 du contenu du site<\/strong><br>L&rsquo;<em>Ecole d&rsquo;A\u00efkido Traditionnel \u2013 Dojo de l&rsquo;Aisne<\/em> ne peut garantir l\u2019exactitude, la pr\u00e9cision ou l\u2019exhaustivit\u00e9 des informations mises \u00e0 la disposition sur ce site. En cons\u00e9quence, l&rsquo;<em>Ecole d&rsquo;A\u00efkido Traditionnel \u2013 Dojo de l&rsquo;Aisne<\/em> d\u00e9cline toute responsabilit\u00e9 pour toute impr\u00e9cision, inexactitude ou omission portant sur des informations disponibles sur ce site. Par ailleurs, l&rsquo;<em>Ecole d&rsquo;A\u00efkido Traditionnel \u2013 Dojo de l&rsquo;Aisne<\/em> ne prend aucun engagement concernant tout autre site auquel vous pourriez avoir acc\u00e8s via son site Internet, \u00e9tant express\u00e9ment rappel\u00e9 qu\u2019un lien vers un site ext\u00e9rieur ne signifie aucunement que l&rsquo;<em>Ecole d&rsquo;A\u00efkido Traditionnel \u2013 Dojo de l&rsquo;Aisne<\/em> assume une quelconque responsabilit\u00e9 quant au Contenu ou l\u2019usage qui peut \u00eatre fait de tels sites, l&rsquo;<em>Ecole d&rsquo;A\u00efkido Traditionnel \u2013 Dojo de l&rsquo;Aisne<\/em> n\u2019exer\u00e7ant aucun contr\u00f4le sur les sites tiers.<\/p>\n\n\n\n<p class=\"has-text-align-center has-x-large-font-size\"><strong>*<\/strong><\/p>\n\n\n\n<p class=\"has-text-align-center\"><strong>Cookies<\/strong><br>L&rsquo;<em>Ecole d&rsquo;A\u00efkido Traditionnel \u2013 Dojo de l&rsquo;Aisne<\/em> s\u2019engage \u00e0 ce qu\u2019en aucun cas les cookies ne soient destin\u00e9s \u00e0 obtenir des informations personnelles sur le profil ou sur le comportement, et que ceux-ci ne seront en aucun cas communiqu\u00e9s ou revendus \u00e0 des tiers.<br>Les seuls cookies utilis\u00e9s par le site sont ceux destin\u00e9s \u00e0 la mesure d\u2019audience et ne collectent pas de donn\u00e9es personnelles. Les outils de mesures d\u2019audience sont d\u00e9ploy\u00e9s afin d\u2019obtenir des informations sur la navigation des visiteurs. Ils permettent notamment de comprendre comment les utilisateurs arrivent sur un site et de reconstituer leur parcours.<\/p>\n","protected":false},"excerpt":{"rendered":"<p>Editeur : Ecole d&rsquo;A\u00efkido Traditionnel \u2013 Dojo de l&rsquo;Aisne Association d\u00e9clar\u00e9e loi 1901 Publication au Journal officiel : 07 Mai 2024 Si\u00e8ge&nbsp;: 12 Bis, rue Georges Lef\u00e8vre \u2013 02000 MONS EN LAONNOIS NUM\u00c9RO RNA :&nbsp;W022006888 \/ SIREN&nbsp;: 928&nbsp;590&nbsp;678 * H\u00e9bergement : OVH SAS au capital de 10 174 560 \u20ac RCS Lille M\u00e9tropole 424 761 [&hellip;]<\/p>\n","protected":false},"author":1,"featured_media":0,"parent":0,"menu_order":0,"comment_status":"closed","ping_status":"closed","template":"","meta":{"footnotes":""},"class_list":["post-197","page","type-page","status-publish","hentry"],"_links":{"self":[{"href":"https:\/\/aikido-aisne.com\/index.php\/wp-json\/wp\/v2\/pages\/197","targetHints":{"allow":["GET"]}}],"collection":[{"href":"https:\/\/aikido-aisne.com\/index.php\/wp-json\/wp\/v2\/pages"}],"about":[{"href":"https:\/\/aikido-aisne.com\/index.php\/wp-json\/wp\/v2\/types\/page"}],"author":[{"embeddable":true,"href":"https:\/\/aikido-aisne.com\/index.php\/wp-json\/wp\/v2\/users\/1"}],"replies":[{"embeddable":true,"href":"https:\/\/aikido-aisne.com\/index.php\/wp-json\/wp\/v2\/comments?post=197"}],"version-history":[{"count":30,"href":"https:\/\/aikido-aisne.com\/index.php\/wp-json\/wp\/v2\/pages\/197\/revisions"}],"predecessor-version":[{"id":1110,"href":"https:\/\/aikido-aisne.com\/index.php\/wp-json\/wp\/v2\/pages\/197\/revisions\/1110"}],"wp:attachment":[{"href":"https:\/\/aikido-aisne.com\/index.php\/wp-json\/wp\/v2\/media?parent=197"}],"curies":[{"name":"wp","href":"https:\/\/api.w.org\/{rel}","templated":true}]}}