{"id":246,"date":"2024-04-30T22:54:35","date_gmt":"2024-04-30T20:54:35","guid":{"rendered":"https:\/\/aikido-aisne.com\/?page_id=246"},"modified":"2025-10-18T21:24:48","modified_gmt":"2025-10-18T19:24:48","slug":"quest-ce-que-laikido","status":"publish","type":"page","link":"https:\/\/aikido-aisne.com\/index.php\/quest-ce-que-laikido\/","title":{"rendered":"QU&rsquo;EST-CE QUE L&rsquo; A\u00cfKIDO ?"},"content":{"rendered":"\n<p class=\"has-text-align-left\"><strong><em>\u00c0 propos de l\u2019A\u00efkido<\/em><\/strong><br><strong>\u5408\u6c17\u9053<\/strong><br>L&rsquo;A\u00efkido est un art martial japonais cr\u00e9\u00e9 dans les ann\u00e9es 1920 par <strong>Morihei Ueshiba <\/strong>(1883~1969), expert ayant atteint un niveau de ma\u00eetrise jamais \u00e9gal\u00e9 dans le domaine des arts martiaux japonais traditionnels. L&rsquo;A\u00efkido est pratiqu\u00e9 en se <em>\u00ab\u00a0fondant\u00a0\u00bb<\/em> litt\u00e9ralement dans le mouvement de l&rsquo;attaquant et en redirigeant la force de l&rsquo;attaque plut\u00f4t que de s&rsquo;y opposer frontalement. L&rsquo;A\u00efkido n&rsquo;a pas de comp\u00e9titions, le but de la formation d\u2019A\u00efkido \u00e9tant d&rsquo;amener le pratiquant \u00e0 son propre d\u00e9veloppement personnel et non pas \u00e0 se mettre en concurrence avec les autres. Dans la philosophie de l&rsquo;A\u00efkido, on parle d&rsquo;harmonie avec la nature, non seulement dans le sens physique, mais aussi spirituel et \u00e9thique.<\/p>\n\n\n\n<p class=\"has-text-align-left\"><span><em style=\"font-weight: bold;\">Fondamentaux de l\u2019A\u00efkido<\/em><\/span><\/p>\n\n\n\n<p class=\"has-text-align-left\">La formation d&rsquo;A\u00efkido vise \u00e0 promouvoir l&rsquo;entra\u00eenement physique et mental, en fonction des capacit\u00e9s de chacune et chacun. L\u2019A\u00efkido n\u2019est pas seulement b\u00e9n\u00e9fique pour la sant\u00e9, mais il contribue aussi naturellement \u00e0 la confiance en soi dans la vie quotidienne. Le Dojo (le&nbsp;<em>d\u014dj\u014d<\/em>&nbsp;est le lieu o\u00f9 l&rsquo;on \u00e9tudie\/cherche la voie) est un lieu id\u00e9al pour approfondir sa compr\u00e9hension de l\u2019humain, et rencontrer des gens sans distinction d\u2019\u00e2ge, de sexe ou de profession.<\/p>\n\n\n\n<figure class=\"wp-block-image size-full\"><img loading=\"lazy\" decoding=\"async\" width=\"1024\" height=\"683\" src=\"https:\/\/aikido-aisne.com\/wp-content\/uploads\/2024\/04\/image-6.png\" alt=\"\" class=\"wp-image-255\" srcset=\"https:\/\/aikido-aisne.com\/wp-content\/uploads\/2024\/04\/image-6.png 1024w, https:\/\/aikido-aisne.com\/wp-content\/uploads\/2024\/04\/image-6-300x200.png 300w, https:\/\/aikido-aisne.com\/wp-content\/uploads\/2024\/04\/image-6-768x512.png 768w\" sizes=\"auto, (max-width: 1024px) 100vw, 1024px\" \/><\/figure>\n\n\n\n<p class=\"has-text-align-left\"><strong><em>Philosophie de l&rsquo;A\u00efkido<\/em><\/strong><\/p>\n\n\n\n<p class=\"has-text-align-left\">Morihei Ueshiba croyait en l&rsquo;importance de l&rsquo;harmonie universelle. Pour lui, l&rsquo;a\u00efkido n&rsquo;\u00e9tait pas simplement un moyen de se d\u00e9fendre, mais une voie de transformation personnelle. Il d\u00e9clare souvent que le v\u00e9ritable objectif de l&rsquo;a\u00efkido \u00e9tait d&rsquo;apporter la paix dans le monde en \u00e9liminant l&rsquo;agressivit\u00e9 et en encourageant l&rsquo;amour et la compr\u00e9hension mutuelle.<\/p>\n\n\n\n<p class=\"has-text-align-left\"><strong><em>L&rsquo;A\u00efkido dans le monde<\/em><\/strong><\/p>\n\n\n\n<p class=\"has-text-align-left\">Soixante ans se sont \u00e9coul\u00e9s depuis le d\u00e9but de la diffusion de l\u2019A\u00efkido en dehors du Japon. Durant cette p\u00e9riode, l\u2019A\u00efkido s\u2019est implant\u00e9 dans 140 pays. Il a pris racine partout dans le monde parce qu&rsquo;il est reconnu comme un moyen d&rsquo;entra\u00eener l&rsquo;esprit et le corps et, en tant que tel, ses valeurs s&rsquo;\u00e9tendent au-del\u00e0 des cultures et des fronti\u00e8res. Suite aux activit\u00e9s de promotion \u00e0 l&rsquo;\u00e9tranger, en 1976, la F\u00e9d\u00e9ration Internationale d&rsquo;A\u00efkido (IAF) a \u00e9t\u00e9 cr\u00e9\u00e9e, son Assembl\u00e9e G\u00e9n\u00e9rale se tient tous les quatre ans. En 1984, la F\u00e9d\u00e9ration Internationale d&rsquo;A\u00efkido devient membre officiel de l&rsquo;Association G\u00e9n\u00e9rale des F\u00e9d\u00e9rations Internationales de Sport (GAISF). De nos jours, l&rsquo;A\u00efkido est reconnu dans le monde comme une culture \u00e0 part enti\u00e8re de notre patrimoine collectif.<\/p>\n\n\n\n<p><strong><em>Pratique de l&rsquo;A\u00efkido dans les Dojos<\/em><\/strong><\/p>\n\n\n\n<p>Aujourd&rsquo;hui, l&rsquo;A\u00efkido qui repose sur des techniques ancestrales de combat h\u00e9rit\u00e9es des arts Samoura\u00efs, se pratique :<\/p>\n\n\n\n<p>A mains nues,<\/p>\n\n\n\n<p>Au sabre bois appel\u00e9 <em>Bokken<\/em>,<\/p>\n\n\n\n<p>Au b\u00e2ton bois appel\u00e9 <em>Jo<\/em>,<\/p>\n\n\n\n<p>Au couteau ou poignard bois appel\u00e9 <em>Tanto<\/em>.<\/p>\n\n\n\n<figure class=\"wp-block-image aligncenter size-full is-resized\"><img loading=\"lazy\" decoding=\"async\" width=\"800\" height=\"800\" src=\"http:\/\/aikido-aisne.com\/wp-content\/uploads\/2024\/11\/equipement-aikido.jpg\" alt=\"\" class=\"wp-image-905\" style=\"width:406px;height:auto\" srcset=\"https:\/\/aikido-aisne.com\/wp-content\/uploads\/2024\/11\/equipement-aikido.jpg 800w, https:\/\/aikido-aisne.com\/wp-content\/uploads\/2024\/11\/equipement-aikido-300x300.jpg 300w, https:\/\/aikido-aisne.com\/wp-content\/uploads\/2024\/11\/equipement-aikido-150x150.jpg 150w, https:\/\/aikido-aisne.com\/wp-content\/uploads\/2024\/11\/equipement-aikido-768x768.jpg 768w\" sizes=\"auto, (max-width: 800px) 100vw, 800px\" \/><\/figure>\n\n\n\n<p><\/p>\n\n\n\n<p><strong><em>Les Valeurs de l&rsquo;A\u00efkido, les 7 plis du Hakama<\/em><\/strong><\/p>\n\n\n\n<p>jin : \u00ab bienveillance, g\u00e9n\u00e9rosit\u00e9 \u00bb<\/p>\n\n\n\n<p>gi : \u00ab honneur, justice \u00bb<\/p>\n\n\n\n<p>rei : \u00ab courtoisie, \u00e9tiquette \u00bb<\/p>\n\n\n\n<p>chi : \u00ab sagesse, intelligence \u00bb<\/p>\n\n\n\n<p>shin : \u00ab sinc\u00e9rit\u00e9 \u00bb<\/p>\n\n\n\n<p>chu : \u00ab loyaut\u00e9 \u00bb<\/p>\n\n\n\n<p>et k\u014d : \u00ab pi\u00e9t\u00e9 \u00bb<\/p>\n\n\n\n<figure class=\"wp-block-image size-large is-resized\"><img loading=\"lazy\" decoding=\"async\" width=\"1024\" height=\"682\" src=\"https:\/\/aikido-aisne.com\/wp-content\/uploads\/2024\/04\/image-5-1024x682.png\" alt=\"\" class=\"wp-image-254\" style=\"width:650px;height:auto\" srcset=\"https:\/\/aikido-aisne.com\/wp-content\/uploads\/2024\/04\/image-5-1024x682.png 1024w, https:\/\/aikido-aisne.com\/wp-content\/uploads\/2024\/04\/image-5-300x200.png 300w, https:\/\/aikido-aisne.com\/wp-content\/uploads\/2024\/04\/image-5-768x511.png 768w, https:\/\/aikido-aisne.com\/wp-content\/uploads\/2024\/04\/image-5-1536x1022.png 1536w, https:\/\/aikido-aisne.com\/wp-content\/uploads\/2024\/04\/image-5.png 1600w\" sizes=\"auto, (max-width: 1024px) 100vw, 1024px\" \/><\/figure>\n\n\n\n<p><\/p>\n\n\n\n<p><em><strong>SOURCE :<\/strong><\/em><\/p>\n\n\n\n<figure class=\"wp-block-image size-full\"><a href=\"http:\/\/www.aikikai.or.jp\/eng\/aikido\/index.html\" target=\"_blank\" rel=\"noreferrer noopener\"><img loading=\"lazy\" decoding=\"async\" width=\"260\" height=\"80\" src=\"https:\/\/aikido-aisne.com\/wp-content\/uploads\/2024\/04\/image-3.png\" alt=\"\" class=\"wp-image-248\"\/><\/a><\/figure>\n\n\n\n<div class=\"wp-block-group alignfull has-background-color has-foreground-background-color has-text-color has-background has-link-color wp-elements-d12e9a264ab1858acfc9a302f0e09bed is-layout-constrained wp-block-group-is-layout-constrained\" style=\"padding-top:var(--wp--custom--spacing--small, 1.25rem);padding-bottom:var(--wp--custom--spacing--small, 1.25rem)\">\n<div class=\"wp-block-group alignwide is-content-justification-space-between is-layout-flex wp-container-core-group-is-layout-b2891da8 wp-block-group-is-layout-flex\"><p class=\"wp-block-site-title has-small-font-size\"><a href=\"https:\/\/aikido-aisne.com\" target=\"_self\" rel=\"home\">ECOLE D&#039;AIKIDO TRADITIONNEL &#8211; DOJO DE L&#039;AISNE<\/a><\/p>\n\n\n<p class=\"has-small-font-size\">Copyright @ 2024 EAT &#8211; Dojo de l&rsquo;Aisne<\/p>\n\n\n\n<p class=\"has-text-align-right has-small-font-size\"><a href=\"https:\/\/aikido-aisne.com\/index.php\/mentions-legales\/\" data-type=\"page\" data-id=\"197\" target=\"_blank\" rel=\"noreferrer noopener\">Mentions l\u00e9gales <\/a><\/p>\n<\/div>\n<\/div>\n","protected":false},"excerpt":{"rendered":"<p>\u00c0 propos de l\u2019A\u00efkido\u5408\u6c17\u9053L&rsquo;A\u00efkido est un art martial japonais cr\u00e9\u00e9 dans les ann\u00e9es 1920 par Morihei Ueshiba (1883~1969), expert ayant atteint un niveau de ma\u00eetrise jamais \u00e9gal\u00e9 dans le domaine des arts martiaux japonais traditionnels. L&rsquo;A\u00efkido est pratiqu\u00e9 en se \u00ab\u00a0fondant\u00a0\u00bb litt\u00e9ralement dans le mouvement de l&rsquo;attaquant et en redirigeant la force de l&rsquo;attaque plut\u00f4t [&hellip;]<\/p>\n","protected":false},"author":1,"featured_media":0,"parent":0,"menu_order":0,"comment_status":"closed","ping_status":"closed","template":"","meta":{"footnotes":""},"class_list":["post-246","page","type-page","status-publish","hentry"],"_links":{"self":[{"href":"https:\/\/aikido-aisne.com\/index.php\/wp-json\/wp\/v2\/pages\/246","targetHints":{"allow":["GET"]}}],"collection":[{"href":"https:\/\/aikido-aisne.com\/index.php\/wp-json\/wp\/v2\/pages"}],"about":[{"href":"https:\/\/aikido-aisne.com\/index.php\/wp-json\/wp\/v2\/types\/page"}],"author":[{"embeddable":true,"href":"https:\/\/aikido-aisne.com\/index.php\/wp-json\/wp\/v2\/users\/1"}],"replies":[{"embeddable":true,"href":"https:\/\/aikido-aisne.com\/index.php\/wp-json\/wp\/v2\/comments?post=246"}],"version-history":[{"count":55,"href":"https:\/\/aikido-aisne.com\/index.php\/wp-json\/wp\/v2\/pages\/246\/revisions"}],"predecessor-version":[{"id":1272,"href":"https:\/\/aikido-aisne.com\/index.php\/wp-json\/wp\/v2\/pages\/246\/revisions\/1272"}],"wp:attachment":[{"href":"https:\/\/aikido-aisne.com\/index.php\/wp-json\/wp\/v2\/media?parent=246"}],"curies":[{"name":"wp","href":"https:\/\/api.w.org\/{rel}","templated":true}]}}