{"id":276,"date":"2024-05-01T11:15:15","date_gmt":"2024-05-01T09:15:15","guid":{"rendered":"https:\/\/aikido-aisne.com\/?page_id=276"},"modified":"2025-10-23T22:12:38","modified_gmt":"2025-10-23T20:12:38","slug":"evenement-2024-inauguration-du-dojo","status":"publish","type":"page","link":"https:\/\/aikido-aisne.com\/index.php\/evenement-2024-inauguration-du-dojo\/","title":{"rendered":"PRESENTATION DU DOJO"},"content":{"rendered":"\n<p><strong><em>Notre Histoire<\/em><\/strong><\/p>\n\n\n\n<p style=\"margin-top:var(--wp--preset--spacing--40);margin-right:0;margin-bottom:var(--wp--preset--spacing--40);margin-left:0\">Le Dojo de l&rsquo;Aisne est n\u00e9 d&rsquo;une volont\u00e9 : offrir un lieu d\u00e9di\u00e9 \u00e0 la pratique des arts martiaux en milieu rural. Et c&rsquo;est \u00e0 Mons-en-Laonnois, village de 1100 \u00e2mes, que le projet a vu le jour avec le soutien de son Maire.<\/p>\n\n\n\n<p class=\"has-text-align-left\" style=\"margin-top:var(--wp--preset--spacing--40);margin-right:0;margin-bottom:var(--wp--preset--spacing--40);margin-left:0\">Notre association a re\u00e7u en 2024 le label <a href=\"https:\/\/www.grandecause-sport.fr\/la-grande-cause-nationale-2024\" target=\"_blank\" rel=\"noreferrer noopener\">\u00ab\u00a0Grande Cause Nationale\u00a0\u00bb<\/a> : <strong><em>profiter de l\u2019\u00e9lan olympique pour inciter les Fran\u00e7ais \u00e0 bouger&nbsp;30 minutes par jour.&nbsp;La Grande Cause Nationale a pour objectif d\u2019am\u00e9liorer l\u2019\u00e9ducation, la sant\u00e9, l\u2019inclusion et de rendre notre soci\u00e9t\u00e9 plus solidaire.<\/em><\/strong><\/p>\n\n\n\n<figure class=\"wp-block-image aligncenter size-large is-resized\"><img loading=\"lazy\" decoding=\"async\" width=\"1024\" height=\"771\" src=\"https:\/\/aikido-aisne.com\/wp-content\/uploads\/2024\/08\/1000006866-1024x771.jpg\" alt=\"\" class=\"wp-image-702\" style=\"width:650px;height:auto\" srcset=\"https:\/\/aikido-aisne.com\/wp-content\/uploads\/2024\/08\/1000006866-1024x771.jpg 1024w, https:\/\/aikido-aisne.com\/wp-content\/uploads\/2024\/08\/1000006866-300x226.jpg 300w, https:\/\/aikido-aisne.com\/wp-content\/uploads\/2024\/08\/1000006866-768x578.jpg 768w, https:\/\/aikido-aisne.com\/wp-content\/uploads\/2024\/08\/1000006866-1536x1157.jpg 1536w, https:\/\/aikido-aisne.com\/wp-content\/uploads\/2024\/08\/1000006866-2048x1542.jpg 2048w\" sizes=\"auto, (max-width: 1024px) 100vw, 1024px\" \/><\/figure>\n\n\n\n<p style=\"border-style:none;border-width:0px;margin-top:var(--wp--preset--spacing--30);margin-bottom:var(--wp--preset--spacing--30)\"><\/p>\n\n\n\n<p>Le Dojo dispose de 100 m2 de tatamis traditionnels flambants neufs, et d&rsquo;un <em>Kamiza<\/em> (mur d&rsquo;honneur) ornement\u00e9 dans la plus pure tradition japonaise.<\/p>\n\n\n\n<p>Pour ce projet nous n&rsquo;avons b\u00e9n\u00e9fici\u00e9 d&rsquo;aucune subvention, ni publique, ni priv\u00e9e.<\/p>\n\n\n\n<figure class=\"wp-block-image size-large\"><img loading=\"lazy\" decoding=\"async\" width=\"1024\" height=\"196\" src=\"https:\/\/aikido-aisne.com\/wp-content\/uploads\/2025\/05\/image-1024x196.png\" alt=\"\" class=\"wp-image-1128\" srcset=\"https:\/\/aikido-aisne.com\/wp-content\/uploads\/2025\/05\/image-1024x196.png 1024w, https:\/\/aikido-aisne.com\/wp-content\/uploads\/2025\/05\/image-300x57.png 300w, https:\/\/aikido-aisne.com\/wp-content\/uploads\/2025\/05\/image-768x147.png 768w, https:\/\/aikido-aisne.com\/wp-content\/uploads\/2025\/05\/image.png 1435w\" sizes=\"auto, (max-width: 1024px) 100vw, 1024px\" \/><\/figure>\n\n\n\n<div style=\"height:30px\" aria-hidden=\"true\" class=\"wp-block-spacer\"><\/div>\n\n\n\n<p class=\"has-medium-font-size\"><strong><em>Notre Professeur<\/em><\/strong><\/p>\n\n\n\n<p class=\"has-medium-font-size\">Les enseignements sont assur\u00e9s par <em>Damien KUNEGEL Sense\u00ef<\/em> : fondateur du Dojo et instructeur F\u00e9d\u00e9ral FFST :<\/p>\n\n\n\n<figure class=\"wp-block-image size-full\"><img loading=\"lazy\" decoding=\"async\" width=\"326\" height=\"88\" src=\"https:\/\/aikido-aisne.com\/wp-content\/uploads\/2025\/05\/image-3.png\" alt=\"\" class=\"wp-image-1167\" srcset=\"https:\/\/aikido-aisne.com\/wp-content\/uploads\/2025\/05\/image-3.png 326w, https:\/\/aikido-aisne.com\/wp-content\/uploads\/2025\/05\/image-3-300x81.png 300w\" sizes=\"auto, (max-width: 326px) 100vw, 326px\" \/><\/figure>\n\n\n\n<p>Issu d\u2019une fratrie passionn\u00e9e par les arts martiaux, il a grandi au contact du Taekwondo et des nunchakus, disciplines que pratiquaient ses proches. C\u2019est \u00e0 l\u2019universit\u00e9 qu&rsquo;il a v\u00e9ritablement d\u00e9marr\u00e9 son parcours martial en d\u00e9couvrant le Karat\u00e9, avant de s\u2019orienter vers l\u2019A\u00efkido en 1999.<\/p>\n\n\n\n<p>En tant que professeur, il reste lui-m\u00eame \u00e9l\u00e8ve sur la voie de l\u2019A\u00efkido, et continue \u00e0 approfondir sa pratique en participant r\u00e9guli\u00e8rement \u00e0 des stages r\u00e9gionaux et nationaux anim\u00e9s par des Ma\u00eetres reconnus.<\/p>\n\n\n\n<p>Profond\u00e9ment attach\u00e9 \u00e0 la culture et la tradition japonaises, <em>Damien KUNEGEL Sense\u00ef<\/em> est membre de la NBTHK (Nihon Bijutsu Token Hozon Kyokai), prestigieuse association japonaise d\u00e9di\u00e9e \u00e0 la pr\u00e9servation et \u00e0 l\u2019\u00e9tude du sabre.<\/p>\n\n\n\n<hr class=\"wp-block-separator has-alpha-channel-opacity\"\/>\n\n\n\n<p>Les cours allient des techniques \u00e0 mains nues et le travail aux armes traditionnelles comme le bokken (sabre en bois), le jo (b\u00e2ton) ou encore le tanto (couteau en bois). Cette compl\u00e9mentarit\u00e9 permet d\u2019explorer en profondeur les principes fondamentaux de l\u2019A\u00efkido : centrage, fluidit\u00e9, distance, \u00e9quilibre.<\/p>\n\n\n\n<p>Une place importante est accord\u00e9e \u00e0 la culture japonaise traditionnelle. \u00c0 travers les gestes, le respect du rituel, le vocabulaire et l\u2019esprit de la pratique, chaque cours devient une immersion dans un japon ancestral.<\/p>\n\n\n\n<div style=\"height:30px\" aria-hidden=\"true\" class=\"wp-block-spacer\"><\/div>\n\n\n\n<p class=\"has-medium-font-size\"><strong><em>Distinction<\/em><\/strong><\/p>\n\n\n\n<p class=\"has-foreground-color has-text-color has-link-color wp-elements-e436418f7129627df1a8bb4339a3e154\">Notre Dojo a re\u00e7u le 28 Mars 2025 la m\u00e9daille de la Commune de Mons-en-Laonnois des mains de son Maire, Monsieur G\u00e9rard CHARLES, en reconnaissance de notre engagement associatif et des actions men\u00e9es au service de la collectivit\u00e9.<\/p>\n\n\n\n<figure class=\"wp-block-image aligncenter size-medium is-resized\"><img loading=\"lazy\" decoding=\"async\" width=\"300\" height=\"150\" src=\"https:\/\/aikido-aisne.com\/wp-content\/uploads\/2025\/04\/360_F_1040249809_RstmWkrE3nz5FVqYn4uMye6jv0WS7W9d-300x150.jpg\" alt=\"\" class=\"wp-image-1053\" style=\"width:242px;height:auto\" srcset=\"https:\/\/aikido-aisne.com\/wp-content\/uploads\/2025\/04\/360_F_1040249809_RstmWkrE3nz5FVqYn4uMye6jv0WS7W9d-300x150.jpg 300w, https:\/\/aikido-aisne.com\/wp-content\/uploads\/2025\/04\/360_F_1040249809_RstmWkrE3nz5FVqYn4uMye6jv0WS7W9d.jpg 720w\" sizes=\"auto, (max-width: 300px) 100vw, 300px\" \/><\/figure>\n\n\n\n<p>Depuis sa cr\u00e9ation, notre \u00e9cole s&rsquo;efforce de transmettre non seulement l&rsquo;art martial traditionnel japonais qu&rsquo;est l&rsquo;A\u00efkido, mais aussi des valeurs essentielles comme la solidarit\u00e9, l&rsquo;entraide et la bienveillance.<\/p>\n\n\n\n<div style=\"height:30px\" aria-hidden=\"true\" class=\"wp-block-spacer\"><\/div>\n\n\n\n<p class=\"has-medium-font-size\"><strong><em>Notre embl\u00e8me<\/em><\/strong><\/p>\n\n\n\n<p>La \u00ab\u00a0Grande Vague de Kanagawa\u00a0\u00bb repr\u00e9sent\u00e9e sur le paravent du Dojo <em>(c\u00e9l\u00e8bre estampe du peintre japonais Hokusai &#8211; ann\u00e9es 1830)<\/em>, symbolise la puissance des \u00e9l\u00e9ments, le mouvement constant et l\u2019harmonie au c\u0153ur du chaos. Comme en A\u00efkido, elle \u00e9voque la souplesse face \u00e0 la force, l\u2019adaptation plut\u00f4t que la confrontation. Elle incarne l\u2019esprit du Dojo : puiser dans l\u2019\u00e9nergie du monde pour trouver l\u2019\u00e9quilibre.<\/p>\n\n\n\n<figure class=\"wp-block-image aligncenter size-large is-resized\"><img loading=\"lazy\" decoding=\"async\" width=\"807\" height=\"1024\" src=\"https:\/\/aikido-aisne.com\/wp-content\/uploads\/2025\/01\/3671867601522901139-807x1024.png\" alt=\"\" class=\"wp-image-1008\" style=\"aspect-ratio:1.7777777777777777;object-fit:contain;width:479px;height:auto\" srcset=\"https:\/\/aikido-aisne.com\/wp-content\/uploads\/2025\/01\/3671867601522901139-807x1024.png 807w, https:\/\/aikido-aisne.com\/wp-content\/uploads\/2025\/01\/3671867601522901139-236x300.png 236w, https:\/\/aikido-aisne.com\/wp-content\/uploads\/2025\/01\/3671867601522901139-768x975.png 768w, https:\/\/aikido-aisne.com\/wp-content\/uploads\/2025\/01\/3671867601522901139.png 1080w\" sizes=\"auto, (max-width: 807px) 100vw, 807px\" \/><\/figure>\n\n\n\n<p><strong>Damien KUNEGEL Sense\u00ef t\u00e9moigne<\/strong> : <em>\u00ab\u00a0Notre discipline est bien moins m\u00e9diatis\u00e9e que de nombreux sports de combat qui attirent les foules essentiellement au travers de la comp\u00e9tition. En A\u00efkido il n&rsquo;y a pas de comp\u00e9tition, hormis contre soi-m\u00eame. \u00ab\u00a0L&rsquo;autre\u00a0\u00bb n&rsquo;est pas meilleur que soi, au mieux il est plus ancien dans la pratique. Ici, au Dojo de l&rsquo;Aisne les \u00e9l\u00e8ves sont accueillis avec le sourire et avec respect avant toute chose, car c&rsquo;est ainsi dans la tradition A\u00efki. Chacun, chacune, peut venir simplement tester ou s&rsquo;investir dans la dur\u00e9e. J&rsquo;aime rappeler que le Ma\u00eetre ou \u00ab\u00a0Sense\u00ef\u00a0\u00bb n&rsquo;enseigne pas \u00e0 ses \u00e9l\u00e8ves durant la pratique, il apprend avec eux. Je me reconnais pleinement dans cette approche.\u00a0\u00bb<\/em><\/p>\n\n\n\n<figure class=\"wp-block-image size-large\"><img loading=\"lazy\" decoding=\"async\" width=\"1024\" height=\"771\" src=\"http:\/\/aikido-aisne.com\/wp-content\/uploads\/2024\/09\/kamiza-def-1024x771.jpg\" alt=\"\" class=\"wp-image-740\" srcset=\"https:\/\/aikido-aisne.com\/wp-content\/uploads\/2024\/09\/kamiza-def-1024x771.jpg 1024w, https:\/\/aikido-aisne.com\/wp-content\/uploads\/2024\/09\/kamiza-def-300x226.jpg 300w, https:\/\/aikido-aisne.com\/wp-content\/uploads\/2024\/09\/kamiza-def-768x578.jpg 768w, https:\/\/aikido-aisne.com\/wp-content\/uploads\/2024\/09\/kamiza-def-1536x1156.jpg 1536w, https:\/\/aikido-aisne.com\/wp-content\/uploads\/2024\/09\/kamiza-def.jpg 1920w\" sizes=\"auto, (max-width: 1024px) 100vw, 1024px\" \/><\/figure>\n\n\n\n<p class=\"has-text-align-center\"><em>Portrait du fondateur de l&rsquo;A\u00efkido au Kamiza, Ma\u00eetre Morihei UESHIBA.<\/em><\/p>\n\n\n\n<div class=\"wp-block-group alignfull has-background-color has-foreground-background-color has-text-color has-background has-link-color wp-elements-d12e9a264ab1858acfc9a302f0e09bed is-layout-constrained wp-block-group-is-layout-constrained\" style=\"padding-top:var(--wp--custom--spacing--small, 1.25rem);padding-bottom:var(--wp--custom--spacing--small, 1.25rem)\">\n<div class=\"wp-block-group alignwide is-content-justification-space-between is-layout-flex wp-container-core-group-is-layout-b2891da8 wp-block-group-is-layout-flex\"><p class=\"wp-block-site-title has-small-font-size\"><a href=\"https:\/\/aikido-aisne.com\" target=\"_self\" rel=\"home\">ECOLE D&#039;AIKIDO TRADITIONNEL &#8211; DOJO DE L&#039;AISNE<\/a><\/p>\n\n\n<p class=\"has-small-font-size\">Copyright @ 2024 EAT &#8211; Dojo de l&rsquo;Aisne<\/p>\n\n\n\n<p class=\"has-text-align-right has-small-font-size\"><a href=\"https:\/\/aikido-aisne.com\/index.php\/mentions-legales\/\" data-type=\"page\" data-id=\"197\" target=\"_blank\" rel=\"noreferrer noopener\">Mentions l\u00e9gales <\/a><\/p>\n<\/div>\n<\/div>\n","protected":false},"excerpt":{"rendered":"<p>Notre Histoire Le Dojo de l&rsquo;Aisne est n\u00e9 d&rsquo;une volont\u00e9 : offrir un lieu d\u00e9di\u00e9 \u00e0 la pratique des arts martiaux en milieu rural. Et c&rsquo;est \u00e0 Mons-en-Laonnois, village de 1100 \u00e2mes, que le projet a vu le jour avec le soutien de son Maire. Notre association a re\u00e7u en 2024 le label \u00ab\u00a0Grande Cause [&hellip;]<\/p>\n","protected":false},"author":1,"featured_media":0,"parent":0,"menu_order":0,"comment_status":"closed","ping_status":"closed","template":"","meta":{"footnotes":""},"class_list":["post-276","page","type-page","status-publish","hentry"],"_links":{"self":[{"href":"https:\/\/aikido-aisne.com\/index.php\/wp-json\/wp\/v2\/pages\/276","targetHints":{"allow":["GET"]}}],"collection":[{"href":"https:\/\/aikido-aisne.com\/index.php\/wp-json\/wp\/v2\/pages"}],"about":[{"href":"https:\/\/aikido-aisne.com\/index.php\/wp-json\/wp\/v2\/types\/page"}],"author":[{"embeddable":true,"href":"https:\/\/aikido-aisne.com\/index.php\/wp-json\/wp\/v2\/users\/1"}],"replies":[{"embeddable":true,"href":"https:\/\/aikido-aisne.com\/index.php\/wp-json\/wp\/v2\/comments?post=276"}],"version-history":[{"count":272,"href":"https:\/\/aikido-aisne.com\/index.php\/wp-json\/wp\/v2\/pages\/276\/revisions"}],"predecessor-version":[{"id":1284,"href":"https:\/\/aikido-aisne.com\/index.php\/wp-json\/wp\/v2\/pages\/276\/revisions\/1284"}],"wp:attachment":[{"href":"https:\/\/aikido-aisne.com\/index.php\/wp-json\/wp\/v2\/media?parent=276"}],"curies":[{"name":"wp","href":"https:\/\/api.w.org\/{rel}","templated":true}]}}