{"id":337,"date":"2024-05-03T21:38:41","date_gmt":"2024-05-03T19:38:41","guid":{"rendered":"https:\/\/aikido-aisne.com\/?page_id=337"},"modified":"2025-10-27T13:45:49","modified_gmt":"2025-10-27T12:45:49","slug":"inscription-adhesion-cotisations","status":"publish","type":"page","link":"https:\/\/aikido-aisne.com\/index.php\/inscription-adhesion-cotisations\/","title":{"rendered":"INSCRIPTIONS &#8211; COTISATIONS &#8211; LICENCES"},"content":{"rendered":"\n<p>Comme toute association loi 1901, l&rsquo;essentiel de nos ressources est constitu\u00e9 des cotisations de nos pratiquants. Cependant, afin de rendre la pratique accessible au plus grand nombre nous proposons des tarifs r\u00e9solument abordables.<\/p>\n\n\n\n<p>La licence-assurance FFST propos\u00e9e par notre F\u00e9d\u00e9ration est obligatoire.<\/p>\n\n\n\n<p><strong>Vous avez envie d&rsquo;essayer l&rsquo;A\u00efkido ? N&rsquo;attendez pas la prochaine saison, nos enseignements sont pens\u00e9s pour permettre \u00e0 chacune et chacun de s\u2019int\u00e9grer facilement en cours d\u2019ann\u00e9e =&gt; vous pouvez vous inscrire \u00e0 tout moment.<\/strong><\/p>\n\n\n\n<p><\/p>\n\n\n\n<figure class=\"wp-block-table aligncenter has-medium-font-size\"><table><tbody><tr><td><strong>Saison 2025-2026 <\/strong><\/td><td class=\"has-text-align-center\" data-align=\"center\">Tarifs \u00e0 l&rsquo;ann\u00e9e<br>(licence incluse)<\/td><\/tr><tr><td>Adultes<\/td><td class=\"has-text-align-center\" data-align=\"center\"><strong>120 \u20ac<\/strong><\/td><\/tr><tr><td>\u00c9tudiants et moins de 18 ans<\/td><td class=\"has-text-align-center\" data-align=\"center\"><strong>80 \u20ac<\/strong><\/td><\/tr><tr><td><em>R\u00e8glement trimestriel possible<\/em><br><em>(tout trimestre d\u00e9but\u00e9 est d\u00fb)<\/em><\/td><td class=\"has-text-align-center\" data-align=\"center\"><br><\/td><\/tr><tr><td>Passeport sportif (facultatif)<\/td><td class=\"has-text-align-center\" data-align=\"center\"><strong>20 \u20ac<\/strong><\/td><\/tr><\/tbody><\/table><\/figure>\n\n\n\n<hr class=\"wp-block-separator has-alpha-channel-opacity is-style-wide\" style=\"margin-top:var(--wp--preset--spacing--50);margin-bottom:var(--wp--preset--spacing--50)\"\/>\n\n\n\n<div class=\"wp-block-buttons is-horizontal is-content-justification-center is-layout-flex wp-container-core-buttons-is-layout-5cabdc9c wp-block-buttons-is-layout-flex\">\n<div class=\"wp-block-button has-custom-width wp-block-button__width-75\"><a class=\"wp-block-button__link has-large-font-size has-custom-font-size wp-element-button\" href=\"https:\/\/aikido-aisne.com\/Fiche inscription Ecole d'A\u00efkido Traditionnel.pdf\" style=\"padding-top:var(--wp--preset--spacing--20);padding-right:var(--wp--preset--spacing--40);padding-bottom:var(--wp--preset--spacing--20);padding-left:var(--wp--preset--spacing--40)\"><em>Formulaire d&rsquo;inscription \u00e0 t\u00e9l\u00e9charger ici<\/em><\/a><\/div>\n<\/div>\n\n\n\n<p class=\"has-text-align-center\"><strong>Notre association est affili\u00e9e \u00e0 la FFST (F\u00e9d\u00e9ration Fran\u00e7aise du Sport Travailliste) sous le num\u00e9ro : 15 02 3016<\/strong><\/p>\n\n\n\n<p class=\"has-text-align-center\"><strong>La FFST est agr\u00e9\u00e9e par le Minist\u00e8re des Sports sous le n\u00b0 13056<\/strong> <strong>du 15\/06\/1953<\/strong><\/p>\n\n\n\n<figure class=\"wp-block-image aligncenter size-full\"><img loading=\"lazy\" decoding=\"async\" width=\"300\" height=\"156\" src=\"http:\/\/aikido-aisne.com\/wp-content\/uploads\/2024\/07\/image.png\" alt=\"\" class=\"wp-image-688\"\/><\/figure>\n\n\n\n<p>Toute adh\u00e9sion vaut de facto acceptation du r\u00e8glement int\u00e9rieur de l&rsquo;\u00e9cole ou \u00ab\u00a0Reishiki\u00a0\u00bb, disponible en t\u00e9l\u00e9chargement sur le site.<\/p>\n\n\n\n<hr class=\"wp-block-separator has-alpha-channel-opacity is-style-wide\" style=\"margin-top:var(--wp--preset--spacing--60);margin-bottom:var(--wp--preset--spacing--60)\"\/>\n\n\n\n<p><strong>Pour tout renseignement sur la couverture ASSURANCES des pratiquants :<\/strong><\/p>\n\n\n\n<p><a href=\"https:\/\/www.ffst-multisports.com\/assurances-mutuelle-des-sportifs\/\" target=\"_blank\" rel=\"noreferrer noopener\">https:\/\/www.ffst-multisports.com\/assurances-mutuelle-des-sportifs\/ <\/a><\/p>\n\n\n\n<hr class=\"wp-block-separator has-alpha-channel-opacity is-style-wide\" style=\"margin-top:var(--wp--preset--spacing--60);margin-bottom:var(--wp--preset--spacing--60)\"\/>\n\n\n\n<p><strong>Cours enfants de 8 \u00e0 13 ans<\/strong> : tous les Dimanches de 10H30 \u00e0 11H30<\/p>\n\n\n\n<p><strong>Cours adultes et ados \u00e0 partir de 14 ans<\/strong> : tous les Lundis de 19H00 \u00e0 21H00 ; les Mercredis selon planning Club<\/p>\n\n\n\n<p><strong>Travail \u00e0 mains nues et aux armes<\/strong> : Bokken (sabre bois), Jo (b\u00e2ton), Tanto (couteau bois).<\/p>\n\n\n\n<p><strong>Stages de perfectionnement<\/strong> : tout au long de l\u2019ann\u00e9e.<\/p>\n\n\n\n<hr class=\"wp-block-separator has-alpha-channel-opacity is-style-wide\" style=\"margin-top:var(--wp--preset--spacing--50);margin-bottom:var(--wp--preset--spacing--50)\"\/>\n\n\n\n<p class=\"has-pale-cyan-blue-background-color has-background has-large-font-size\"><strong>Le certificat m\u00e9dical initial est obligatoire, il reste valable 3 ans &#8211; sous certaines conditions &#8211; pour la pratique \u2935\ufe0f<\/strong><\/p>\n\n\n\n<p class=\"has-pale-cyan-blue-background-color has-background\"><strong>Des questionnaires pr\u00e9alables sont \u00e0 renseigner par le pratiquant ou son repr\u00e9sentant l\u00e9gal. Si vous avez r\u00e9pondu NON \u00e0 toutes les questions =&gt; pas de certificat m\u00e9dical \u00e0 fournir. Attestez <strong>simplement <\/strong>avoir r\u00e9pondu NON \u00e0 toutes les questions lors de la demande de renouvellement de la licence.<\/strong><\/p>\n\n\n\n<p class=\"has-pale-cyan-blue-background-color has-background\"><strong><a href=\"https:\/\/aikido-aisne.com\/07 QS SPORT POUR MINEUR.pdf\" target=\"_blank\" rel=\"noreferrer noopener\">Questionnaire mineur<\/a><\/strong><\/p>\n\n\n\n<p class=\"has-pale-cyan-blue-background-color has-background\"><strong><a href=\"https:\/\/aikido-aisne.com\/10 QS SPORT MAJEUR.pdf\">Questionnaire majeur<\/a><\/strong><\/p>\n\n\n\n<p class=\"has-pale-cyan-blue-background-color has-background\"><strong><a href=\"https:\/\/aikido-aisne.com\/08 ATTEST. QS SPORT POUR MINEUR.pdf\" target=\"_blank\" rel=\"noreferrer noopener\">Attestation mineur<\/a><\/strong><\/p>\n\n\n\n<p class=\"has-pale-cyan-blue-background-color has-background\"><strong><a href=\"https:\/\/aikido-aisne.com\/09 ATTEST. QS SPORT MAJEUR.pdf\" target=\"_blank\" rel=\"noreferrer noopener\">Attestation majeur<\/a><\/strong><\/p>\n\n\n\n<p><a href=\"https:\/\/www.service-public.fr\/particuliers\/vosdroits\/F2143\" target=\"_blank\" rel=\"noreferrer noopener\">Assurances pour le sport | Service-Public.fr<\/a><\/p>\n\n\n\n<p><a href=\"https:\/\/www.service-public.fr\/particuliers\/vosdroits\/F1030\" target=\"_blank\" rel=\"noreferrer noopener\">Un certificat m\u00e9dical est-il obligatoire pour faire du sport ? | Service-Public.fr<\/a><\/p>\n\n\n\n<hr class=\"wp-block-separator aligncenter has-alpha-channel-opacity is-style-wide\" style=\"margin-top:var(--wp--preset--spacing--50);margin-bottom:var(--wp--preset--spacing--50)\"\/>\n\n\n\n<p><strong>Equipement pour d\u00e9buter :<\/strong><\/p>\n\n\n\n<ul style=\"margin-right:0;margin-left:0\" class=\"wp-block-list\">\n<li>1 kimono de type Judo<\/li>\n\n\n\n<li>1 ceinture blanche<\/li>\n\n\n\n<li style=\"margin-top:0;margin-right:0;margin-bottom:0;margin-left:0\">1 paire de tongs traditionnelles appel\u00e9es Zooris ou Z\u014dri<\/li>\n<\/ul>\n\n\n\n<p><\/p>\n\n\n\n<figure class=\"wp-block-image size-large has-custom-border is-style-rounded\"><img loading=\"lazy\" decoding=\"async\" width=\"1024\" height=\"853\" src=\"https:\/\/aikido-aisne.com\/wp-content\/uploads\/2024\/05\/image-4-1024x853.png\" alt=\"\" class=\"wp-image-351\" style=\"border-style:none;border-width:0px;border-radius:100px\" srcset=\"https:\/\/aikido-aisne.com\/wp-content\/uploads\/2024\/05\/image-4-1024x853.png 1024w, https:\/\/aikido-aisne.com\/wp-content\/uploads\/2024\/05\/image-4-300x250.png 300w, https:\/\/aikido-aisne.com\/wp-content\/uploads\/2024\/05\/image-4-768x640.png 768w, https:\/\/aikido-aisne.com\/wp-content\/uploads\/2024\/05\/image-4.png 1440w\" sizes=\"auto, (max-width: 1024px) 100vw, 1024px\" \/><\/figure>\n\n\n\n<p>Morihei UESHIBA, fondateur de l&rsquo;A\u00efkido &#8211; <em>\u00ab\u00a0Pratiquer dans la Joie\u00a0\u00bb<\/em><\/p>\n\n\n\n<div class=\"wp-block-group alignfull has-background-color has-foreground-background-color has-text-color has-background has-link-color wp-elements-d12e9a264ab1858acfc9a302f0e09bed is-layout-constrained wp-block-group-is-layout-constrained\" style=\"padding-top:var(--wp--custom--spacing--small, 1.25rem);padding-bottom:var(--wp--custom--spacing--small, 1.25rem)\">\n<div class=\"wp-block-group alignwide is-content-justification-space-between is-layout-flex wp-container-core-group-is-layout-b2891da8 wp-block-group-is-layout-flex\"><p class=\"wp-block-site-title has-small-font-size\"><a href=\"https:\/\/aikido-aisne.com\" target=\"_self\" rel=\"home\">ECOLE D&#039;AIKIDO TRADITIONNEL &#8211; DOJO DE L&#039;AISNE<\/a><\/p>\n\n\n<p class=\"has-small-font-size\">Copyright @ 2024 EAT &#8211; Dojo de l&rsquo;Aisne<\/p>\n\n\n\n<p class=\"has-text-align-right has-small-font-size\"><a href=\"https:\/\/aikido-aisne.com\/index.php\/mentions-legales\/\" data-type=\"page\" data-id=\"197\" target=\"_blank\" rel=\"noreferrer noopener\">Mentions l\u00e9gales <\/a><\/p>\n<\/div>\n<\/div>\n","protected":false},"excerpt":{"rendered":"<p>Comme toute association loi 1901, l&rsquo;essentiel de nos ressources est constitu\u00e9 des cotisations de nos pratiquants. Cependant, afin de rendre la pratique accessible au plus grand nombre nous proposons des tarifs r\u00e9solument abordables. La licence-assurance FFST propos\u00e9e par notre F\u00e9d\u00e9ration est obligatoire. Vous avez envie d&rsquo;essayer l&rsquo;A\u00efkido ? N&rsquo;attendez pas la prochaine saison, nos enseignements [&hellip;]<\/p>\n","protected":false},"author":1,"featured_media":0,"parent":0,"menu_order":0,"comment_status":"closed","ping_status":"closed","template":"","meta":{"footnotes":""},"class_list":["post-337","page","type-page","status-publish","hentry"],"_links":{"self":[{"href":"https:\/\/aikido-aisne.com\/index.php\/wp-json\/wp\/v2\/pages\/337","targetHints":{"allow":["GET"]}}],"collection":[{"href":"https:\/\/aikido-aisne.com\/index.php\/wp-json\/wp\/v2\/pages"}],"about":[{"href":"https:\/\/aikido-aisne.com\/index.php\/wp-json\/wp\/v2\/types\/page"}],"author":[{"embeddable":true,"href":"https:\/\/aikido-aisne.com\/index.php\/wp-json\/wp\/v2\/users\/1"}],"replies":[{"embeddable":true,"href":"https:\/\/aikido-aisne.com\/index.php\/wp-json\/wp\/v2\/comments?post=337"}],"version-history":[{"count":126,"href":"https:\/\/aikido-aisne.com\/index.php\/wp-json\/wp\/v2\/pages\/337\/revisions"}],"predecessor-version":[{"id":1288,"href":"https:\/\/aikido-aisne.com\/index.php\/wp-json\/wp\/v2\/pages\/337\/revisions\/1288"}],"wp:attachment":[{"href":"https:\/\/aikido-aisne.com\/index.php\/wp-json\/wp\/v2\/media?parent=337"}],"curies":[{"name":"wp","href":"https:\/\/api.w.org\/{rel}","templated":true}]}}